{"id":167,"date":"2012-09-20T11:50:54","date_gmt":"2012-09-20T10:50:54","guid":{"rendered":"http:\/\/www.valsante-dieteticiennes.ch\/wordpress\/?page_id=167"},"modified":"2012-11-28T09:03:05","modified_gmt":"2012-11-28T08:03:05","slug":"approche-globale","status":"publish","type":"page","link":"http:\/\/www.nutrition-et-harmonie.ch\/?page_id=167","title":{"rendered":"Notre approche"},"content":{"rendered":"<div class=\"col-1-3\"><a href=\"http:\/\/www.valsante-dieteticiennes.ch\/wordpress\/wp-content\/uploads\/2012\/09\/panneau.png\"><img loading=\"lazy\" decoding=\"async\" class=\"wp-image-217 aligncenter\" title=\"panneau\" src=\"http:\/\/www.valsante-dieteticiennes.ch\/wordpress\/wp-content\/uploads\/2012\/09\/panneau-300x300.png\" alt=\"\" width=\"240\" height=\"240\" srcset=\"http:\/\/www.nutrition-et-harmonie.ch\/wordpress\/wp-content\/uploads\/2012\/09\/panneau-300x300.png 300w, http:\/\/www.nutrition-et-harmonie.ch\/wordpress\/wp-content\/uploads\/2012\/09\/panneau-150x150.png 150w, http:\/\/www.nutrition-et-harmonie.ch\/wordpress\/wp-content\/uploads\/2012\/09\/panneau.png 308w\" sizes=\"auto, (max-width: 240px) 100vw, 240px\" \/><\/a><\/div>\n<div class=\"col-2-3 last\"> Au cabinet Valsant\u00e9, notre approche vise \u00e0 vous accompagner pour transformer durablement votre comportement alimentaire. Les mots r\u00e9gimes et restrictions alimentaires sont bannis de notre pratique, car il est aujourd\u2019hui d\u00e9montr\u00e9 que les r\u00e9gimes font grossir et favorisent le d\u00e9veloppement des troubles du comportement alimentaire.<\/p>\n<p>Nous privil\u00e9gions une approche personnalis\u00e9e tenant compte des sp\u00e9cificit\u00e9s de chacun\u00a0: histoire alimentaire, environnement familial et professionnel, histoire de l\u2019\u00e9volution du poids, go\u00fbts, contraintes,\u2026 Nous partons de vos difficult\u00e9s actuelles et nous vous amenons \u00e0 trouver vos propres solutions pour r\u00e9soudre vos probl\u00e8mes alimentaires. Au cabinet Valsant\u00e9, vous trouverez un espace pour \u00eatre entendu dans vos demandes et un lieu o\u00f9 la personne est au centre de nos pr\u00e9occupations.<\/p>\n<p>Notre philosophie de travail s&rsquo;appuie sur trois approches : cognitive et comportementale, sensorielle et nutritionnelle.<\/p>\n<p>&nbsp;<\/p>\n<p><\/div>\n<p style=\"text-align: center;\">\n","protected":false},"excerpt":{"rendered":"","protected":false},"author":1,"featured_media":0,"parent":0,"menu_order":0,"comment_status":"open","ping_status":"open","template":"","meta":{"footnotes":""},"class_list":["post-167","page","type-page","status-publish","hentry"],"_links":{"self":[{"href":"http:\/\/www.nutrition-et-harmonie.ch\/index.php?rest_route=\/wp\/v2\/pages\/167","targetHints":{"allow":["GET"]}}],"collection":[{"href":"http:\/\/www.nutrition-et-harmonie.ch\/index.php?rest_route=\/wp\/v2\/pages"}],"about":[{"href":"http:\/\/www.nutrition-et-harmonie.ch\/index.php?rest_route=\/wp\/v2\/types\/page"}],"author":[{"embeddable":true,"href":"http:\/\/www.nutrition-et-harmonie.ch\/index.php?rest_route=\/wp\/v2\/users\/1"}],"replies":[{"embeddable":true,"href":"http:\/\/www.nutrition-et-harmonie.ch\/index.php?rest_route=%2Fwp%2Fv2%2Fcomments&post=167"}],"version-history":[{"count":11,"href":"http:\/\/www.nutrition-et-harmonie.ch\/index.php?rest_route=\/wp\/v2\/pages\/167\/revisions"}],"predecessor-version":[{"id":286,"href":"http:\/\/www.nutrition-et-harmonie.ch\/index.php?rest_route=\/wp\/v2\/pages\/167\/revisions\/286"}],"wp:attachment":[{"href":"http:\/\/www.nutrition-et-harmonie.ch\/index.php?rest_route=%2Fwp%2Fv2%2Fmedia&parent=167"}],"curies":[{"name":"wp","href":"https:\/\/api.w.org\/{rel}","templated":true}]}}