{"id":2,"date":"2012-07-30T13:58:15","date_gmt":"2012-07-30T13:58:15","guid":{"rendered":"http:\/\/www.valsante-dieteticiennes.ch\/wordpress\/?page_id=2"},"modified":"2022-02-11T11:21:30","modified_gmt":"2022-02-11T10:21:30","slug":"page-d-exemple","status":"publish","type":"page","link":"https:\/\/www.nutrition-et-harmonie.ch\/","title":{"rendered":"Accueil"},"content":{"rendered":"<p>Vous cherchez \u00e0 d\u00e9couvrir ou \u00e0 retrouver une attitude sereine face \u00e0 la nourriture,<\/p>\n<p>vous voulez mettre fin \u00e0 des grignotages r\u00e9currents,<\/p>\n<p>vous souhaitez faire la paix avec votre poids et votre image corporelle,<\/p>\n<p>vous en avez assez des r\u00e9gimes o\u00f9 l&rsquo;on reprend aussit\u00f4t les kilos perdus avec effort,<\/p>\n<p>vous souffrez de troubles alimentaires,<\/p>\n<p>vous d\u00e9sirez obtenir des informations nutritionnelles.<\/p>\n<p><span style=\"color: #478e8b;\"><strong>Notre objectif est de vous redonner le plaisir de manger ce que vous aimez, sans culpabilit\u00e9, sans frustration, \u00e0 votre faim, pour atteindre votre poids d\u2019\u00e9quilibre avec lequel vous vous sentirez bien.<\/strong><\/span><\/p>\n<p><span style=\"color: #478e8b;\"><strong>Notre approche vise \u00e0 vous accompagner de fa\u00e7on personnalis\u00e9e pour modifier durablement votre comportement alimentaire.<\/strong><\/span><\/p>\n","protected":false},"excerpt":{"rendered":"<p>Vous cherchez \u00e0 d\u00e9couvrir ou \u00e0 retrouver une attitude sereine face \u00e0 la nourriture, vous voulez mettre fin \u00e0 des grignotages r\u00e9currents, vous souhaitez faire la paix avec votre poids et votre image corporelle, vous en avez assez des r\u00e9gimes o\u00f9 l&rsquo;on reprend aussit\u00f4t les kilos perdus avec effort, vous souffrez de troubles alimentaires, vous d\u00e9sirez obtenir des informations nutritionnelles. Notre objectif est de vous redonner le plaisir de manger ce que vous aimez, sans culpabilit\u00e9, sans frustration, \u00e0 votre faim, pour atteindre votre poids d\u2019\u00e9quilibre avec lequel vous vous sentirez bien. Notre approche vise \u00e0 vous accompagner de fa\u00e7on personnalis\u00e9e pour modifier durablement votre comportement alimentaire.<\/p>\n","protected":false},"author":1,"featured_media":0,"parent":0,"menu_order":0,"comment_status":"open","ping_status":"open","template":"","meta":{"footnotes":""},"class_list":["post-2","page","type-page","status-publish","hentry"],"_links":{"self":[{"href":"https:\/\/www.nutrition-et-harmonie.ch\/index.php?rest_route=\/wp\/v2\/pages\/2","targetHints":{"allow":["GET"]}}],"collection":[{"href":"https:\/\/www.nutrition-et-harmonie.ch\/index.php?rest_route=\/wp\/v2\/pages"}],"about":[{"href":"https:\/\/www.nutrition-et-harmonie.ch\/index.php?rest_route=\/wp\/v2\/types\/page"}],"author":[{"embeddable":true,"href":"https:\/\/www.nutrition-et-harmonie.ch\/index.php?rest_route=\/wp\/v2\/users\/1"}],"replies":[{"embeddable":true,"href":"https:\/\/www.nutrition-et-harmonie.ch\/index.php?rest_route=%2Fwp%2Fv2%2Fcomments&post=2"}],"version-history":[{"count":21,"href":"https:\/\/www.nutrition-et-harmonie.ch\/index.php?rest_route=\/wp\/v2\/pages\/2\/revisions"}],"predecessor-version":[{"id":607,"href":"https:\/\/www.nutrition-et-harmonie.ch\/index.php?rest_route=\/wp\/v2\/pages\/2\/revisions\/607"}],"wp:attachment":[{"href":"https:\/\/www.nutrition-et-harmonie.ch\/index.php?rest_route=%2Fwp%2Fv2%2Fmedia&parent=2"}],"curies":[{"name":"wp","href":"https:\/\/api.w.org\/{rel}","templated":true}]}}